{"id":7892,"date":"2021-08-25T09:00:10","date_gmt":"2021-08-25T09:00:10","guid":{"rendered":"https:\/\/agences-techniques.com\/contactez-nous\/"},"modified":"2024-06-12T14:46:17","modified_gmt":"2024-06-12T14:46:17","slug":"contactez-nous","status":"publish","type":"page","link":"https:\/\/agences-techniques.com\/fr\/contactez-nous\/","title":{"rendered":"Contactez-nous"},"content":{"rendered":"<div class=\"wpb-content-wrapper\"><p>[vc_row equal_height=\u00a0\u00bbyes\u00a0\u00bb css_animation=\u00a0\u00bbnone\u00a0\u00bb css=\u00a0\u00bb.vc_custom_1660240234400{margin-top: 80px !important;margin-right: -50px !important;margin-left: -50px !important;}\u00a0\u00bb woodmart_css_id=\u00a0\u00bb62f54164eaa35&Prime; responsive_spacing=\u00a0\u00bbeyJwYXJhbV90eXBlIjoid29vZG1hcnRfcmVzcG9uc2l2ZV9zcGFjaW5nIiwic2VsZWN0b3JfaWQiOiI2MmY1NDE2NGVhYTM1Iiwic2hvcnRjb2RlIjoidmNfcm93IiwiZGF0YSI6eyJ0YWJsZXQiOnt9LCJtb2JpbGUiOnt9fX0=\u00a0\u00bb mobile_bg_img_hidden=\u00a0\u00bbno\u00a0\u00bb tablet_bg_img_hidden=\u00a0\u00bbno\u00a0\u00bb woodmart_parallax=\u00a0\u00bb0&Prime; woodmart_gradient_switch=\u00a0\u00bbno\u00a0\u00bb woodmart_box_shadow=\u00a0\u00bbno\u00a0\u00bb wd_z_index=\u00a0\u00bbno\u00a0\u00bb woodmart_disable_overflow=\u00a0\u00bb0&Prime; row_reverse_mobile=\u00a0\u00bb0&Prime; row_reverse_tablet=\u00a0\u00bb0&Prime;][vc_column css=\u00a0\u00bb.vc_custom_1496927710186{border-right-width: 1px !important;padding-top: 20px !important;padding-right: 50px !important;padding-bottom: 10px !important;padding-left: 50px !important;border-right-color: #e8e8e8 !important;border-right-style: solid !important;}\u00a0\u00bb offset=\u00a0\u00bbvc_col-lg-6 vc_col-md-6&Prime;]\n\t\t<div id=\"wd-62f5418418c1e\" class=\"title-wrapper wd-wpb set-mb-s reset-last-child  wd-rs-62f5418418c1e wd-title-color-default wd-title-style-default text-left  wd-underline-colored\">\n\t\t\t\t\t\t\t<div class=\"title-subtitle  subtitle-color-default font-default subtitle-style-default wd-font-weight- wd-fontsize-xs\">Contactez-nous<\/div>\n\t\t\t\n\t\t\t<div class=\"liner-continer\">\n\t\t\t\t<h4 class=\"woodmart-title-container title  wd-font-weight- wd-fontsize-l\" >NOS BUREAUX<\/h4>\n\t\t\t\t\t\t\t<\/div>\n\t\t\t\n\t\t\t\n\t\t\t\n\t\t<\/div>\n\t\t\n\t\t\t\t<div id=\"wd-62fd02b5c83fd\" class=\"wd-text-block wd-wpb reset-last-child wd-rs-62fd02b5c83fd text-left \">\n\t\t\t<p>A1 Agences Techniques entretient des syst\u00e8mes de chauffage, de ventilation et de climatisation dans la r\u00e9gion de Montr\u00e9al depuis 1984.<\/p>\n<p>Notre \u00e9quipe de professionnels offre la comp\u00e9tence et l\u2019expertise n\u00e9cessaires pour r\u00e9aliser tous vos travaux r\u00e9sidentiels, commerciaux et industriels.<\/p>\n<p>Des nouvelles installations au service et \u00e0 la maintenance, A1 vous accompagne \u00e0 chaque \u00e9tape.<\/p>\n\t\t<\/div>\n\t\t\n\t\t<ul class=\" wd-rs-632def960a3eb wd-list wd-wpb color-scheme- wd-fontsize-xs wd-list-type-icon wd-list-style-default wd-justify-left \" id=\"wd-632def960a3eb\">\n\t\t\t\t\t\t\t\t\t\t\t<li>\n\t\t\t\t\t<img loading=\"lazy\" decoding=\"async\"  alt=\"Cursor\" src=\"https:\/\/agences-techniques.com\/wp-content\/uploads\/2021\/08\/wd-cursor-dark.svg\" title=\"wd-cursor-dark\" width=\"25\" height=\"25\">\n\t\t\t\t\t<span class=\"list-content\">2275 Rue Halpern, St-Laurent QC H4S 1S3, Canada<\/span>\n\t\t\t\t\t\t\t\t\t<\/li>\n\t\t\t\t\t\t\t\t\t\t\t<li>\n\t\t\t\t\t<img loading=\"lazy\" decoding=\"async\"  src=\"https:\/\/agences-techniques.com\/wp-content\/uploads\/2021\/08\/wd-phone-dark.svg\" title=\"wd-phone-dark\" width=\"25\" height=\"25\">\n\t\t\t\t\t<span class=\"list-content\">Tel: 514-745-1190<\/span>\n\t\t\t\t\t\t\t\t\t<\/li>\n\t\t\t\t\t<\/ul>\n\t\t\t\t<div id=\"wd-631a2511ddea5\" class=\"wd-text-block wd-wpb reset-last-child wd-rs-631a2511ddea5 text-left \">\n\t\t\t<h4>Nos horaires :<\/h4>\n<p>Du lundi au vendredi : 7h30 \u2013 16h30<\/p>\n\t\t<\/div>\n\t\t\t\t<div id=\"wd-631a2616c04be\" class=\"wd-text-block wd-wpb reset-last-child wd-rs-631a2616c04be text-left \">\n\t\t\t<h4 id=\"careers\">Opportunit\u00e9s de carri\u00e8re :<\/h4>\n<p>Rejoins notre \u00e9quipe! Si vous \u00eates un technicien CVAC qualifi\u00e9 et que vous souhaitez rejoindre notre \u00e9quipe, veuillez envoyer votre CV \u00e0 <a href=\"mailto:info@agences-techniques.com\">info@agences-techniques.com<\/a> ou le copier-coller dans notre formulaire de contact.<\/p>\n\t\t<\/div>\n\t\t\t\t<div id=\"wd-62fbd306d4f01\" class=\"wd-image wd-wpb wd-rs-62fbd306d4f01 text-left \">\n\t\t\t\n\t\t\t<img loading=\"lazy\" decoding=\"async\" width=\"400\" height=\"225\" src=\"https:\/\/agences-techniques.com\/wp-content\/uploads\/2022\/08\/adriano-truck-2-400x225.jpg\" class=\"attachment-medium size-medium\" alt=\"\" srcset=\"https:\/\/agences-techniques.com\/wp-content\/uploads\/2022\/08\/adriano-truck-2-400x225.jpg 400w, https:\/\/agences-techniques.com\/wp-content\/uploads\/2022\/08\/adriano-truck-2-430x242.jpg 430w, https:\/\/agences-techniques.com\/wp-content\/uploads\/2022\/08\/adriano-truck-2-150x84.jpg 150w, https:\/\/agences-techniques.com\/wp-content\/uploads\/2022\/08\/adriano-truck-2.jpg 648w\" sizes=\"auto, (max-width: 400px) 100vw, 400px\" \/>\n\t\t\t\t\t<\/div>\n\t\t[\/vc_column][vc_column css=\u00a0\u00bb.vc_custom_1496927688909{padding-top: 20px !important;padding-right: 50px !important;padding-bottom: 10px !important;padding-left: 50px !important;}\u00a0\u00bb offset=\u00a0\u00bbvc_col-lg-6 vc_col-md-6&Prime;]\n\t\t<div id=\"wd-62f543cc5b6fc\" class=\"title-wrapper wd-wpb set-mb-s reset-last-child  wd-rs-62f543cc5b6fc wd-title-color-default wd-title-style-default text-left  wd-underline-colored\">\n\t\t\t\t\t\t\t<div class=\"title-subtitle  subtitle-color-default font-default subtitle-style-default wd-font-weight- wd-fontsize-xs\">Contactez-nous<\/div>\n\t\t\t\n\t\t\t<div class=\"liner-continer\">\n\t\t\t\t<h4 class=\"woodmart-title-container title  wd-font-weight- wd-fontsize-l\" >OBTENIR UN DEVIS<\/h4>\n\t\t\t\t\t\t\t<\/div>\n\t\t\t\n\t\t\t\n\t\t\t\n\t\t<\/div>\n\t\t\n\t\t\n<div class=\"wpcf7 no-js\" id=\"wpcf7-f7920-o1\" lang=\"fr-FR\" dir=\"ltr\" data-wpcf7-id=\"7920\">\n<div class=\"screen-reader-response\"><p role=\"status\" aria-live=\"polite\" aria-atomic=\"true\"><\/p> <ul><\/ul><\/div>\n<form action=\"\/fr\/wp-json\/wp\/v2\/pages\/7892#wpcf7-f7920-o1\" method=\"post\" class=\"wpcf7-form init\" aria-label=\"Formulaire de contact\" novalidate=\"novalidate\" data-status=\"init\">\n<fieldset class=\"hidden-fields-container\"><input type=\"hidden\" name=\"_wpcf7\" value=\"7920\" \/><input type=\"hidden\" name=\"_wpcf7_version\" value=\"6.1.5\" \/><input type=\"hidden\" name=\"_wpcf7_locale\" value=\"fr_FR\" \/><input type=\"hidden\" name=\"_wpcf7_unit_tag\" value=\"wpcf7-f7920-o1\" \/><input type=\"hidden\" name=\"_wpcf7_container_post\" value=\"0\" \/><input type=\"hidden\" name=\"_wpcf7_posted_data_hash\" value=\"\" \/>\n<\/fieldset>\n<div class=\"row\">\n\t<p class=\"col-md-6\"><label>Votre nom<\/label><span class=\"wpcf7-form-control-wrap\" data-name=\"your-name\"><input size=\"40\" maxlength=\"400\" class=\"wpcf7-form-control wpcf7-text wpcf7-validates-as-required\" aria-required=\"true\" aria-invalid=\"false\" value=\"\" type=\"text\" name=\"your-name\" \/><\/span>\n\t<\/p>\n\t<p class=\"col-md-6\"><label>Votred courriel<\/label><span class=\"wpcf7-form-control-wrap\" data-name=\"your-email\"><input size=\"40\" maxlength=\"400\" class=\"wpcf7-form-control wpcf7-email wpcf7-validates-as-required wpcf7-text wpcf7-validates-as-email\" aria-required=\"true\" aria-invalid=\"false\" value=\"\" type=\"email\" name=\"your-email\" \/><\/span>\n\t<\/p>\n<\/div>\n<div class=\"row\">\n\t<p class=\"col-md-6\"><label>Num\u00e9ro de t\u00e9l\u00e9phone<\/label><span class=\"wpcf7-form-control-wrap\" data-name=\"tel-767\"><input size=\"40\" maxlength=\"400\" class=\"wpcf7-form-control wpcf7-tel wpcf7-text wpcf7-validates-as-tel\" aria-invalid=\"false\" value=\"\" type=\"tel\" name=\"tel-767\" \/><\/span>\n\t<\/p>\n\t<p class=\"col-md-6\"><label>Compagnie<\/label><span class=\"wpcf7-form-control-wrap\" data-name=\"text-1\"><input size=\"40\" maxlength=\"400\" class=\"wpcf7-form-control wpcf7-text\" aria-invalid=\"false\" value=\"\" type=\"text\" name=\"text-1\" \/><\/span>\n\t<\/p>\n<\/div>\n<div class=\"row\">\n\t<p class=\"col-md-12\"><label>Sujet<\/label><span class=\"wpcf7-form-control-wrap\" data-name=\"your-subject\"><select class=\"wpcf7-form-control wpcf7-select\" aria-invalid=\"false\" name=\"your-subject\"><option value=\"Enqu\u00eate g\u00e9n\u00e9rale\">Enqu\u00eate g\u00e9n\u00e9rale<\/option><option value=\"Commercial\">Commercial<\/option><option value=\"Industriel\">Industriel<\/option><option value=\"R\u00e9sidentiel\">R\u00e9sidentiel<\/option><option value=\"Emplois\">Emplois<\/option><\/select><\/span>\n\t<\/p>\n<\/div>\n<p><label>Votre message<\/label><span class=\"wpcf7-form-control-wrap\" data-name=\"your-message\"><textarea cols=\"40\" rows=\"10\" maxlength=\"2000\" class=\"wpcf7-form-control wpcf7-textarea\" aria-invalid=\"false\" name=\"your-message\"><\/textarea><\/span>\n<\/p>\n<p><input class=\"wpcf7-form-control wpcf7-submit has-spinner btn-style-round\" type=\"submit\" value=\"Envoyer\" \/>\n<\/p><p style=\"display: none !important;\" class=\"akismet-fields-container\" data-prefix=\"_wpcf7_ak_\"><label>&#916;<textarea name=\"_wpcf7_ak_hp_textarea\" cols=\"45\" rows=\"8\" maxlength=\"100\"><\/textarea><\/label><input type=\"hidden\" id=\"ak_js_1\" name=\"_wpcf7_ak_js\" value=\"212\"\/><script>document.getElementById( \"ak_js_1\" ).setAttribute( \"value\", ( new Date() ).getTime() );<\/script><\/p><div class=\"wpcf7-response-output\" aria-hidden=\"true\"><\/div>\n<\/form>\n<\/div>\n[\/vc_column][\/vc_row]<\/p>\n<\/div>","protected":false},"excerpt":{"rendered":"<p>[vc_row equal_height=\u00a0\u00bbyes\u00a0\u00bb css_animation=\u00a0\u00bbnone\u00a0\u00bb css=\u00a0\u00bb.vc_custom_1660240234400{margin-top: 80px !important;margin-right: -50px !important;margin-left: -50px !important;}\u00a0\u00bb woodmart_css_id=\u00a0\u00bb62f54164eaa35&Prime; responsive_spacing=\u00a0\u00bbeyJwYXJhbV90eXBlIjoid29vZG1hcnRfcmVzcG9uc2l2ZV9zcGFjaW5nIiwic2VsZWN0b3JfaWQiOiI2MmY1NDE2NGVhYTM1Iiwic2hvcnRjb2RlIjoidmNfcm93IiwiZGF0YSI6eyJ0YWJsZXQiOnt9LCJtb2JpbGUiOnt9fX0=\u00a0\u00bb mobile_bg_img_hidden=\u00a0\u00bbno\u00a0\u00bb tablet_bg_img_hidden=\u00a0\u00bbno\u00a0\u00bb woodmart_parallax=\u00a0\u00bb0&Prime; woodmart_gradient_switch=\u00a0\u00bbno\u00a0\u00bb woodmart_box_shadow=\u00a0\u00bbno\u00a0\u00bb wd_z_index=\u00a0\u00bbno\u00a0\u00bb woodmart_disable_overflow=\u00a0\u00bb0&Prime; row_reverse_mobile=\u00a0\u00bb0&Prime;<\/p>\n","protected":false},"author":1,"featured_media":0,"parent":0,"menu_order":0,"comment_status":"closed","ping_status":"closed","template":"","meta":{"footnotes":""},"class_list":["post-7892","page","type-page","status-publish","hentry"],"yoast_head":"<!-- This site is optimized with the Yoast SEO plugin v27.2 - https:\/\/yoast.com\/product\/yoast-seo-wordpress\/ -->\n<title>Contactez-nous - A1 Agences Techniques<\/title>\n<meta name=\"robots\" content=\"index, follow, max-snippet:-1, max-image-preview:large, max-video-preview:-1\" \/>\n<link rel=\"canonical\" href=\"https:\/\/agences-techniques.com\/fr\/contactez-nous\/\" \/>\n<meta property=\"og:locale\" content=\"fr_FR\" \/>\n<meta property=\"og:type\" content=\"article\" \/>\n<meta property=\"og:title\" content=\"Contactez-nous - A1 Agences Techniques\" \/>\n<meta property=\"og:description\" content=\"[vc_row equal_height=\u00a0\u00bbyes\u00a0\u00bb css_animation=\u00a0\u00bbnone\u00a0\u00bb css=\u00a0\u00bb.vc_custom_1660240234400{margin-top: 80px !important;margin-right: -50px !important;margin-left: -50px !important;}\u00a0\u00bb woodmart_css_id=\u00a0\u00bb62f54164eaa35&Prime; responsive_spacing=\u00a0\u00bbeyJwYXJhbV90eXBlIjoid29vZG1hcnRfcmVzcG9uc2l2ZV9zcGFjaW5nIiwic2VsZWN0b3JfaWQiOiI2MmY1NDE2NGVhYTM1Iiwic2hvcnRjb2RlIjoidmNfcm93IiwiZGF0YSI6eyJ0YWJsZXQiOnt9LCJtb2JpbGUiOnt9fX0=\u00a0\u00bb mobile_bg_img_hidden=\u00a0\u00bbno\u00a0\u00bb tablet_bg_img_hidden=\u00a0\u00bbno\u00a0\u00bb woodmart_parallax=\u00a0\u00bb0&Prime; woodmart_gradient_switch=\u00a0\u00bbno\u00a0\u00bb woodmart_box_shadow=\u00a0\u00bbno\u00a0\u00bb wd_z_index=\u00a0\u00bbno\u00a0\u00bb woodmart_disable_overflow=\u00a0\u00bb0&Prime; row_reverse_mobile=\u00a0\u00bb0&Prime;\" \/>\n<meta property=\"og:url\" content=\"https:\/\/agences-techniques.com\/fr\/contactez-nous\/\" \/>\n<meta property=\"og:site_name\" content=\"A1 Agences Techniques\" \/>\n<meta property=\"article:publisher\" content=\"https:\/\/www.facebook.com\/A1-Agences-Techniques-Inc-230676324194804\" \/>\n<meta property=\"article:modified_time\" content=\"2024-06-12T14:46:17+00:00\" \/>\n<meta name=\"twitter:card\" content=\"summary_large_image\" \/>\n<meta name=\"twitter:label1\" content=\"Dur\u00e9e de lecture estim\u00e9e\" \/>\n\t<meta name=\"twitter:data1\" content=\"1 minute\" \/>\n<script type=\"application\/ld+json\" class=\"yoast-schema-graph\">{\"@context\":\"https:\/\/schema.org\",\"@graph\":[{\"@type\":\"WebPage\",\"@id\":\"https:\/\/agences-techniques.com\/fr\/contactez-nous\/\",\"url\":\"https:\/\/agences-techniques.com\/fr\/contactez-nous\/\",\"name\":\"Contactez-nous - A1 Agences Techniques\",\"isPartOf\":{\"@id\":\"https:\/\/agences-techniques.com\/#website\"},\"datePublished\":\"2021-08-25T09:00:10+00:00\",\"dateModified\":\"2024-06-12T14:46:17+00:00\",\"breadcrumb\":{\"@id\":\"https:\/\/agences-techniques.com\/fr\/contactez-nous\/#breadcrumb\"},\"inLanguage\":\"fr-FR\",\"potentialAction\":[{\"@type\":\"ReadAction\",\"target\":[\"https:\/\/agences-techniques.com\/fr\/contactez-nous\/\"]}]},{\"@type\":\"BreadcrumbList\",\"@id\":\"https:\/\/agences-techniques.com\/fr\/contactez-nous\/#breadcrumb\",\"itemListElement\":[{\"@type\":\"ListItem\",\"position\":1,\"name\":\"Home\",\"item\":\"https:\/\/agences-techniques.com\/fr\/a1-home\/\"},{\"@type\":\"ListItem\",\"position\":2,\"name\":\"Contactez-nous\"}]},{\"@type\":\"WebSite\",\"@id\":\"https:\/\/agences-techniques.com\/#website\",\"url\":\"https:\/\/agences-techniques.com\/\",\"name\":\"A1 Agences Techniques\",\"description\":\"Depuis 1984\",\"publisher\":{\"@id\":\"https:\/\/agences-techniques.com\/#organization\"},\"potentialAction\":[{\"@type\":\"SearchAction\",\"target\":{\"@type\":\"EntryPoint\",\"urlTemplate\":\"https:\/\/agences-techniques.com\/?s={search_term_string}\"},\"query-input\":{\"@type\":\"PropertyValueSpecification\",\"valueRequired\":true,\"valueName\":\"search_term_string\"}}],\"inLanguage\":\"fr-FR\"},{\"@type\":\"Organization\",\"@id\":\"https:\/\/agences-techniques.com\/#organization\",\"name\":\"A1 Agences Techniques\",\"url\":\"https:\/\/agences-techniques.com\/\",\"logo\":{\"@type\":\"ImageObject\",\"inLanguage\":\"fr-FR\",\"@id\":\"https:\/\/agences-techniques.com\/#\/schema\/logo\/image\/\",\"url\":\"https:\/\/agences-techniques.com\/wp-content\/uploads\/2022\/08\/a1-logo-reworked.png\",\"contentUrl\":\"https:\/\/agences-techniques.com\/wp-content\/uploads\/2022\/08\/a1-logo-reworked.png\",\"width\":264,\"height\":100,\"caption\":\"A1 Agences Techniques\"},\"image\":{\"@id\":\"https:\/\/agences-techniques.com\/#\/schema\/logo\/image\/\"},\"sameAs\":[\"https:\/\/www.facebook.com\/A1-Agences-Techniques-Inc-230676324194804\"]}]}<\/script>\n<!-- \/ Yoast SEO plugin. -->","yoast_head_json":{"title":"Contactez-nous - A1 Agences Techniques","robots":{"index":"index","follow":"follow","max-snippet":"max-snippet:-1","max-image-preview":"max-image-preview:large","max-video-preview":"max-video-preview:-1"},"canonical":"https:\/\/agences-techniques.com\/fr\/contactez-nous\/","og_locale":"fr_FR","og_type":"article","og_title":"Contactez-nous - A1 Agences Techniques","og_description":"[vc_row equal_height=\u00a0\u00bbyes\u00a0\u00bb css_animation=\u00a0\u00bbnone\u00a0\u00bb css=\u00a0\u00bb.vc_custom_1660240234400{margin-top: 80px !important;margin-right: -50px !important;margin-left: -50px !important;}\u00a0\u00bb woodmart_css_id=\u00a0\u00bb62f54164eaa35&Prime; responsive_spacing=\u00a0\u00bbeyJwYXJhbV90eXBlIjoid29vZG1hcnRfcmVzcG9uc2l2ZV9zcGFjaW5nIiwic2VsZWN0b3JfaWQiOiI2MmY1NDE2NGVhYTM1Iiwic2hvcnRjb2RlIjoidmNfcm93IiwiZGF0YSI6eyJ0YWJsZXQiOnt9LCJtb2JpbGUiOnt9fX0=\u00a0\u00bb mobile_bg_img_hidden=\u00a0\u00bbno\u00a0\u00bb tablet_bg_img_hidden=\u00a0\u00bbno\u00a0\u00bb woodmart_parallax=\u00a0\u00bb0&Prime; woodmart_gradient_switch=\u00a0\u00bbno\u00a0\u00bb woodmart_box_shadow=\u00a0\u00bbno\u00a0\u00bb wd_z_index=\u00a0\u00bbno\u00a0\u00bb woodmart_disable_overflow=\u00a0\u00bb0&Prime; row_reverse_mobile=\u00a0\u00bb0&Prime;","og_url":"https:\/\/agences-techniques.com\/fr\/contactez-nous\/","og_site_name":"A1 Agences Techniques","article_publisher":"https:\/\/www.facebook.com\/A1-Agences-Techniques-Inc-230676324194804","article_modified_time":"2024-06-12T14:46:17+00:00","twitter_card":"summary_large_image","twitter_misc":{"Dur\u00e9e de lecture estim\u00e9e":"1 minute"},"schema":{"@context":"https:\/\/schema.org","@graph":[{"@type":"WebPage","@id":"https:\/\/agences-techniques.com\/fr\/contactez-nous\/","url":"https:\/\/agences-techniques.com\/fr\/contactez-nous\/","name":"Contactez-nous - A1 Agences Techniques","isPartOf":{"@id":"https:\/\/agences-techniques.com\/#website"},"datePublished":"2021-08-25T09:00:10+00:00","dateModified":"2024-06-12T14:46:17+00:00","breadcrumb":{"@id":"https:\/\/agences-techniques.com\/fr\/contactez-nous\/#breadcrumb"},"inLanguage":"fr-FR","potentialAction":[{"@type":"ReadAction","target":["https:\/\/agences-techniques.com\/fr\/contactez-nous\/"]}]},{"@type":"BreadcrumbList","@id":"https:\/\/agences-techniques.com\/fr\/contactez-nous\/#breadcrumb","itemListElement":[{"@type":"ListItem","position":1,"name":"Home","item":"https:\/\/agences-techniques.com\/fr\/a1-home\/"},{"@type":"ListItem","position":2,"name":"Contactez-nous"}]},{"@type":"WebSite","@id":"https:\/\/agences-techniques.com\/#website","url":"https:\/\/agences-techniques.com\/","name":"A1 Agences Techniques","description":"Depuis 1984","publisher":{"@id":"https:\/\/agences-techniques.com\/#organization"},"potentialAction":[{"@type":"SearchAction","target":{"@type":"EntryPoint","urlTemplate":"https:\/\/agences-techniques.com\/?s={search_term_string}"},"query-input":{"@type":"PropertyValueSpecification","valueRequired":true,"valueName":"search_term_string"}}],"inLanguage":"fr-FR"},{"@type":"Organization","@id":"https:\/\/agences-techniques.com\/#organization","name":"A1 Agences Techniques","url":"https:\/\/agences-techniques.com\/","logo":{"@type":"ImageObject","inLanguage":"fr-FR","@id":"https:\/\/agences-techniques.com\/#\/schema\/logo\/image\/","url":"https:\/\/agences-techniques.com\/wp-content\/uploads\/2022\/08\/a1-logo-reworked.png","contentUrl":"https:\/\/agences-techniques.com\/wp-content\/uploads\/2022\/08\/a1-logo-reworked.png","width":264,"height":100,"caption":"A1 Agences Techniques"},"image":{"@id":"https:\/\/agences-techniques.com\/#\/schema\/logo\/image\/"},"sameAs":["https:\/\/www.facebook.com\/A1-Agences-Techniques-Inc-230676324194804"]}]}},"_links":{"self":[{"href":"https:\/\/agences-techniques.com\/fr\/wp-json\/wp\/v2\/pages\/7892","targetHints":{"allow":["GET"]}}],"collection":[{"href":"https:\/\/agences-techniques.com\/fr\/wp-json\/wp\/v2\/pages"}],"about":[{"href":"https:\/\/agences-techniques.com\/fr\/wp-json\/wp\/v2\/types\/page"}],"author":[{"embeddable":true,"href":"https:\/\/agences-techniques.com\/fr\/wp-json\/wp\/v2\/users\/1"}],"replies":[{"embeddable":true,"href":"https:\/\/agences-techniques.com\/fr\/wp-json\/wp\/v2\/comments?post=7892"}],"version-history":[{"count":12,"href":"https:\/\/agences-techniques.com\/fr\/wp-json\/wp\/v2\/pages\/7892\/revisions"}],"predecessor-version":[{"id":8132,"href":"https:\/\/agences-techniques.com\/fr\/wp-json\/wp\/v2\/pages\/7892\/revisions\/8132"}],"wp:attachment":[{"href":"https:\/\/agences-techniques.com\/fr\/wp-json\/wp\/v2\/media?parent=7892"}],"curies":[{"name":"wp","href":"https:\/\/api.w.org\/{rel}","templated":true}]}}